{"id":2,"date":"2011-12-04T11:26:57","date_gmt":"2011-12-04T11:26:57","guid":{"rendered":"http:\/\/blog.techmedia.pl\/?page_id=2"},"modified":"2018-06-24T22:31:56","modified_gmt":"2018-06-24T20:31:56","slug":"firma-informatyczna","status":"publish","type":"page","link":"https:\/\/www.techmedia.pl\/blog\/firma-informatyczna\/","title":{"rendered":"TechMedia &#8211; firma informatyczna"},"content":{"rendered":"<p>Niniejszy Blog zawiera baz\u0119 wiedzy zebran\u0105 przez administrator\u00f3w z firmy <a href=\"https:\/\/www.techmedia.pl\">TechMedia Sp. z o.o.<\/a> Od ponad 17 lat zajmujemy si\u0119 zdaln\u0105 administracj\u0105 serwerami Linux i Windows. Posiadamy w\u0142asne Datacenter, kt\u00f3re \u015bwiadczy us\u0142ugi hostingu stron www i poczty dla wymagaj\u0105cych klient\u00f3w. Nasz dzia\u0142\u00a0programowania zajmuje si\u0119 opracowywaniem i wdra\u017caniem dedykowanych system\u00f3w informatycznych dla firm.<\/p>\n<p>Je\u015bli szukacie\u00a0Pa\u0144stwo sprawdzonego\u00a0partnera zapraszamy do wsp\u00f3\u0142pracy. Jeste\u015bmy do Waszej dyspozycji pod numerami dost\u0119pnymi na stronie\u00a0<a title=\"Adres i telefon TechMedia\" href=\"https:\/\/www.techmedia.pl\/kontakt\/\">https:\/\/www.techmedia.pl\/kontakt\/<\/a>.<\/p>\n","protected":false},"excerpt":{"rendered":"<p>Niniejszy Blog zawiera baz\u0119 wiedzy zebran\u0105 przez administrator\u00f3w z firmy TechMedia Sp. z o.o. Od ponad 17 lat zajmujemy si\u0119 zdaln\u0105 administracj\u0105 serwerami Linux i Windows. Posiadamy w\u0142asne Datacenter, kt\u00f3re \u015bwiadczy us\u0142ugi hostingu stron www i poczty dla wymagaj\u0105cych klient\u00f3w. Nasz dzia\u0142\u00a0programowania zajmuje si\u0119 opracowywaniem i wdra\u017caniem dedykowanych system\u00f3w informatycznych dla firm. Je\u015bli szukacie\u00a0Pa\u0144stwo sprawdzonego\u00a0partnera [&hellip;]<\/p>\n","protected":false},"author":1,"featured_media":0,"parent":0,"menu_order":0,"comment_status":"closed","ping_status":"closed","template":"","meta":[],"yst_prominent_words":[],"_links":{"self":[{"href":"https:\/\/www.techmedia.pl\/blog\/wp-json\/wp\/v2\/pages\/2"}],"collection":[{"href":"https:\/\/www.techmedia.pl\/blog\/wp-json\/wp\/v2\/pages"}],"about":[{"href":"https:\/\/www.techmedia.pl\/blog\/wp-json\/wp\/v2\/types\/page"}],"author":[{"embeddable":true,"href":"https:\/\/www.techmedia.pl\/blog\/wp-json\/wp\/v2\/users\/1"}],"replies":[{"embeddable":true,"href":"https:\/\/www.techmedia.pl\/blog\/wp-json\/wp\/v2\/comments?post=2"}],"version-history":[{"count":11,"href":"https:\/\/www.techmedia.pl\/blog\/wp-json\/wp\/v2\/pages\/2\/revisions"}],"predecessor-version":[{"id":2323,"href":"https:\/\/www.techmedia.pl\/blog\/wp-json\/wp\/v2\/pages\/2\/revisions\/2323"}],"wp:attachment":[{"href":"https:\/\/www.techmedia.pl\/blog\/wp-json\/wp\/v2\/media?parent=2"}],"wp:term":[{"taxonomy":"yst_prominent_words","embeddable":true,"href":"https:\/\/www.techmedia.pl\/blog\/wp-json\/wp\/v2\/yst_prominent_words?post=2"}],"curies":[{"name":"wp","href":"https:\/\/api.w.org\/{rel}","templated":true}]}}